{"id":13,"date":"2021-03-21T20:21:12","date_gmt":"2021-03-21T19:21:12","guid":{"rendered":"https:\/\/peterson-finance.cz\/?page_id=13"},"modified":"2021-03-22T20:15:58","modified_gmt":"2021-03-22T19:15:58","slug":"peterson-finance-s-r-o","status":"publish","type":"page","link":"https:\/\/peterson-finance.cz\/","title":{"rendered":"Peterson Finance, s.r.o."},"content":{"rendered":"\n<p class=\"has-medium-font-size\"><strong>Omlouv\u00e1me se, na\u0161e str\u00e1nky aktu\u00e1ln\u011b proch\u00e1z\u00ed rekonstrukc\u00ed<\/strong><\/p>\n\n\n\n<div class=\"wp-block-image\"><figure class=\"alignleft size-large is-resized\"><img loading=\"lazy\" src=\"https:\/\/peterson-finance.cz\/wp-content\/uploads\/2021\/03\/image-1024x921.jpeg\" alt=\"\" class=\"wp-image-67\" width=\"584\" height=\"525\" srcset=\"https:\/\/peterson-finance.cz\/wp-content\/uploads\/2021\/03\/image-1024x921.jpeg 1024w, https:\/\/peterson-finance.cz\/wp-content\/uploads\/2021\/03\/image-300x270.jpeg 300w, https:\/\/peterson-finance.cz\/wp-content\/uploads\/2021\/03\/image-768x691.jpeg 768w, https:\/\/peterson-finance.cz\/wp-content\/uploads\/2021\/03\/image.jpeg 1428w\" sizes=\"(max-width: 584px) 100vw, 584px\" \/><\/figure><\/div>\n","protected":false},"excerpt":{"rendered":"<p>Omlouv\u00e1me se, na\u0161e str\u00e1nky aktu\u00e1ln\u011b proch\u00e1z\u00ed rekonstrukc\u00ed<\/p>\n","protected":false},"author":2,"featured_media":60,"parent":0,"menu_order":0,"comment_status":"closed","ping_status":"closed","template":"","meta":[],"_links":{"self":[{"href":"https:\/\/peterson-finance.cz\/index.php?rest_route=\/wp\/v2\/pages\/13"}],"collection":[{"href":"https:\/\/peterson-finance.cz\/index.php?rest_route=\/wp\/v2\/pages"}],"about":[{"href":"https:\/\/peterson-finance.cz\/index.php?rest_route=\/wp\/v2\/types\/page"}],"author":[{"embeddable":true,"href":"https:\/\/peterson-finance.cz\/index.php?rest_route=\/wp\/v2\/users\/2"}],"replies":[{"embeddable":true,"href":"https:\/\/peterson-finance.cz\/index.php?rest_route=%2Fwp%2Fv2%2Fcomments&post=13"}],"version-history":[{"count":6,"href":"https:\/\/peterson-finance.cz\/index.php?rest_route=\/wp\/v2\/pages\/13\/revisions"}],"predecessor-version":[{"id":75,"href":"https:\/\/peterson-finance.cz\/index.php?rest_route=\/wp\/v2\/pages\/13\/revisions\/75"}],"wp:featuredmedia":[{"embeddable":true,"href":"https:\/\/peterson-finance.cz\/index.php?rest_route=\/wp\/v2\/media\/60"}],"wp:attachment":[{"href":"https:\/\/peterson-finance.cz\/index.php?rest_route=%2Fwp%2Fv2%2Fmedia&parent=13"}],"curies":[{"name":"wp","href":"https:\/\/api.w.org\/{rel}","templated":true}]}}